{"id":47,"date":"2016-08-16T03:02:45","date_gmt":"2016-08-16T03:02:45","guid":{"rendered":"http:\/\/sw-themes.com\/porto_dummy\/law-firm\/?page_id=47"},"modified":"2021-12-07T18:02:26","modified_gmt":"2021-12-07T21:02:26","slug":"areas","status":"publish","type":"page","link":"https:\/\/advogadoscorreia.com.br\/index.php\/areas\/","title":{"rendered":"\u00c1reas de Atua\u00e7\u00e3o"},"content":{"rendered":"<p>[vc_row][vc_column][vc_custom_heading text=&#8221;\u00c1reas de Atua\u00e7\u00e3o&#8221; font_container=&#8221;tag:h2|font_size:36|text_align:left&#8221; use_theme_fonts=&#8221;yes&#8221; el_class=&#8221;m-b-md&#8221;][vc_separator color=&#8221;custom&#8221; align=&#8221;align_left&#8221; border_width=&#8221;3&#8243; type=&#8221;small&#8221; accent_color=&#8221;#cfa968&#8243;][vc_column_text el_class=&#8221;lead m-b-xlg&#8221;]Confira nosso atendimento em consultoria a diversas \u00e1reas do direito.[\/vc_column_text][\/vc_column][\/vc_row][vc_row wrap_container=&#8221;yes&#8221; el_id=&#8221;practice-areas&#8221;][vc_column][vc_row_inner animation_type=&#8221;fadeInUp&#8221;][vc_column_inner]<div class=\"porto-sicon-box  wpb_custom_1efe903570d178ff0a9b7bfa5febd3a4 style_1 left-icon\"><div class=\"porto-sicon-left\"><div id=\"porto-icon-172942927369d97183b6cc9\" class=\"porto-just-icon-wrapper porto-sicon-img\" style=\"font-size: 55px;\"><img loading=\"lazy\" decoding=\"async\" class=\"img-icon\" alt=\"\" src=\"https:\/\/advogadoscorreia.com.br\/wp-content\/uploads\/2021\/12\/consumidor.png\" width=\"55\" height=\"55\" \/><\/div><\/div><div class=\"porto-sicon-body\"><div class=\"porto-sicon-header\"><h3 class=\"porto-sicon-title\" style=\"\">Direito do Consumidor<\/h3><\/div> <!-- header --><div class=\"porto-sicon-description\" style=\"\">\n<p style=\"text-align: justify;\">Voltado para a prote\u00e7\u00e3o dos interesses dos consumidores diante dos fornecedores de bens e servi\u00e7os. \u00a0O direito do consumidor \u00e9 a soma de regras e princ\u00edpios jur\u00eddicos que envolvem todas as rela\u00e7\u00f5es de consumo, isto \u00e9, as rela\u00e7\u00f5es entre o consumidor e o fornecedor de produtos e\/ou de servi\u00e7os.<\/p>\n<p style=\"text-align: justify;\">Tem por objetivo assegurar que os consumidores obtenham acesso a informa\u00e7\u00f5es quanto a origem e qualidade dos produtos e servi\u00e7os; assegurar prote\u00e7\u00e3o contra fraudes no mercado de consumo; garantir transpar\u00eancia a seguran\u00e7a para os usu\u00e1rios dos bens e servi\u00e7os e harmonizar as rela\u00e7\u00f5es consumo por meio da interven\u00e7\u00e3o jurisdicional.<sup id=\"cite_ref-:0_2-1\" class=\"reference\"><\/sup><\/p>\n<p style=\"text-align: justify;\">O direito do consumidor tamb\u00e9m assegura que o consumidor possa recorrer ao judici\u00e1rio para a preven\u00e7\u00e3o e repara\u00e7\u00e3o de danos patrimoniais decorrentes na falha no fornecimento de bens e presta\u00e7\u00e3o de servi\u00e7os para o consumidor final.<\/p>\n<p><\/div> <!-- description --><\/div><\/div><!-- porto-sicon-box --><div class=\"porto-sicon-box  wpb_custom_1efe903570d178ff0a9b7bfa5febd3a4 style_1 left-icon\"><div class=\"porto-sicon-left\"><div id=\"porto-icon-15420632069d97183b6fc5\" class=\"porto-just-icon-wrapper porto-sicon-img\" style=\"font-size: 55px;\"><img loading=\"lazy\" decoding=\"async\" class=\"img-icon\" alt=\"\" src=\"https:\/\/advogadoscorreia.com.br\/wp-content\/uploads\/2021\/12\/trabalho.png\" width=\"55\" height=\"55\" \/><\/div><\/div><div class=\"porto-sicon-body\"><div class=\"porto-sicon-header\"><h3 class=\"porto-sicon-title\" style=\"\">Direito Trabalhista<\/h3><\/div> <!-- header --><div class=\"porto-sicon-description\" style=\"\">\n<p style=\"text-align: justify;\">Tem como foco as rela\u00e7\u00f5es de trabalho entre funcion\u00e1rios e empregadores. O principal objetivo \u00e9 garantir que trabalhadores tenham sua situa\u00e7\u00e3o jur\u00eddica regulamentada e todos os seus direitos respeitados.<\/p>\n<p style=\"text-align: justify;\">O advogado representar\u00e1 pessoas ou empresas em a\u00e7\u00f5es e disputas que envolvam empregado e empregador, al\u00e9m de quest\u00f5es sindicais e relacionadas \u00e0 Previd\u00eancia Social.<\/p>\n<p><\/div> <!-- description --><\/div><\/div><!-- porto-sicon-box --><div class=\"porto-sicon-box  wpb_custom_1efe903570d178ff0a9b7bfa5febd3a4 style_1 left-icon\"><div class=\"porto-sicon-left\"><div id=\"porto-icon-51428913369d97183b7252\" class=\"porto-just-icon-wrapper porto-sicon-img\" style=\"font-size: 55px;\"><img loading=\"lazy\" decoding=\"async\" class=\"img-icon\" alt=\"\" src=\"https:\/\/advogadoscorreia.com.br\/wp-content\/uploads\/2021\/12\/familia.png\" width=\"55\" height=\"55\" \/><\/div><\/div><div class=\"porto-sicon-body\"><div class=\"porto-sicon-header\"><h3 class=\"porto-sicon-title\" style=\"\">Direito da Fam\u00edlia<\/h3><\/div> <!-- header --><div class=\"porto-sicon-description\" style=\"\">\n<p style=\"text-align: justify;\">\u00c9 o ramo do Direito Civil que trata das rela\u00e7\u00f5es familiares e das obriga\u00e7\u00f5es e direitos decorrentes dessas rela\u00e7\u00f5es, tem como conte\u00fado os estudos do casamento, uni\u00e3o est\u00e1vel, rela\u00e7\u00f5es de parentesco, filia\u00e7\u00e3o, alimentos, bem de fam\u00edlia, tutela, curatela e guarda<sup id=\"cite_ref-1\" class=\"reference\"><\/sup>.<\/p>\n<p><\/div> <!-- description --><\/div><\/div><!-- porto-sicon-box --><div class=\"porto-sicon-box  wpb_custom_1efe903570d178ff0a9b7bfa5febd3a4 style_1 left-icon\"><div class=\"porto-sicon-left\"><div id=\"porto-icon-32380535569d97183b74cd\" class=\"porto-just-icon-wrapper porto-sicon-img\" style=\"font-size: 55px;\"><img loading=\"lazy\" decoding=\"async\" class=\"img-icon\" alt=\"\" src=\"https:\/\/advogadoscorreia.com.br\/wp-content\/uploads\/2021\/12\/direito-civil.png\" width=\"55\" height=\"55\" \/><\/div><\/div><div class=\"porto-sicon-body\"><div class=\"porto-sicon-header\"><h3 class=\"porto-sicon-title\" style=\"\">Direito Civil<\/h3><\/div> <!-- header --><div class=\"porto-sicon-description\" style=\"\">Uma vez que \u00e9 voltado para as normas que regem a conviv\u00eancia das pessoas em sociedade, essa \u00e9 a \u00e1rea mais abrangente de todas as \u00e1reas do Direito. A atua\u00e7\u00e3o se d\u00e1 na defesa dos direitos individuais dos cidad\u00e3os, no que se referem a bens, propriedades e quest\u00f5es familiares.<\/p>\n<p>Por ser uma \u00e1rea t\u00e3o ampla, o Direito Civil apresenta v\u00e1rias ramifica\u00e7\u00f5es, sendo elas:<\/p>\n<ul>\n<li>Direito das Pessoas: relacionado aos direitos e deveres de cada indiv\u00edduo;<\/li>\n<li>Direito da Fam\u00edlia: sobre a\u00e7\u00f5es de div\u00f3rcio, pens\u00e3o, cust\u00f3dia e outras quest\u00f5es familiares;<\/li>\n<li>Direito das Sucess\u00f5es: trata das heran\u00e7as;<\/li>\n<li>Direito das Coisas: relacionado \u00e0 propriedade de bens m\u00f3veis e im\u00f3veis;<\/li>\n<li>Direito das Obriga\u00e7\u00f5es: trata da rela\u00e7\u00e3o entre credor e devedor;<\/li>\n<li>Responsabilidade Civil: sobre a necessidade de repara\u00e7\u00e3o de danos.<\/li>\n<\/ul>\n<p><\/div> <!-- description --><\/div><\/div><!-- porto-sicon-box -->[\/vc_column_inner][\/vc_row_inner][\/vc_column][\/vc_row][vc_row full_width=&#8221;stretch_row&#8221; wrap_container=&#8221;yes&#8221; is_section=&#8221;yes&#8221; section_skin=&#8221;parallax&#8221; remove_margin_top=&#8221;yes&#8221; remove_margin_bottom=&#8221;yes&#8221; css=&#8221;.vc_custom_1638910394994{background-image: url(http:\/\/advogadoscorreia.com.br\/wp-content\/uploads\/2021\/12\/fundo2-form.jpg?id=220) !important;background-position: center !important;background-repeat: no-repeat !important;background-size: cover !important;}&#8221; el_class=&#8221;bg-pos-bottom&#8221;][vc_column width=&#8221;1\/2&#8243; offset=&#8221;vc_hidden-sm vc_hidden-xs&#8221;][\/vc_column][vc_column offset=&#8221;vc_col-md-6&#8243;][vc_custom_heading text=&#8221;Fa\u00e7a uma consulta sem compromisso.&#8221; use_theme_fonts=&#8221;yes&#8221; el_class=&#8221;m-t-lg m-b-none&#8221;][vc_column_text el_class=&#8221;m-b-none&#8221;]Consulte nossos profissionais para obter solu\u00e7\u00f5es completas para suas quest\u00f5es legais.[\/vc_column_text][vc_separator color=&#8221;custom&#8221; align=&#8221;align_left&#8221; border_width=&#8221;3&#8243; type=&#8221;small&#8221; accent_color=&#8221;#cfa968&#8243;]<div class=\"wpforms-container wpforms-container-full\" id=\"wpforms-152\"><form id=\"wpforms-form-152\" class=\"wpforms-validate wpforms-form\" data-formid=\"152\" method=\"post\" enctype=\"multipart\/form-data\" action=\"\/index.php\/wp-json\/wp\/v2\/pages\/47\" data-token=\"e6408c2941dd0d4357a561defad03ec5\"><noscript class=\"wpforms-error-noscript\">Please enable JavaScript in your browser to complete this form.<\/noscript><div class=\"wpforms-field-container\"><div id=\"wpforms-152-field_0-container\" class=\"wpforms-field wpforms-field-text\" data-field-id=\"0\"><label class=\"wpforms-field-label\" for=\"wpforms-152-field_0\">Nome Completo <span class=\"wpforms-required-label\">*<\/span><\/label><input type=\"text\" id=\"wpforms-152-field_0\" class=\"wpforms-field-large wpforms-field-required\" name=\"wpforms[fields][0]\" required><\/div><div id=\"wpforms-152-field_2-container\" class=\"wpforms-field wpforms-field-email\" data-field-id=\"2\"><label class=\"wpforms-field-label\" for=\"wpforms-152-field_2\">E-mail <span class=\"wpforms-required-label\">*<\/span><\/label><input type=\"email\" id=\"wpforms-152-field_2\" class=\"wpforms-field-large wpforms-field-required\" name=\"wpforms[fields][2]\" required><\/div><div id=\"wpforms-152-field_5-container\" class=\"wpforms-field wpforms-field-phone\" data-field-id=\"5\"><label class=\"wpforms-field-label\" for=\"wpforms-152-field_5\">Celular <span class=\"wpforms-required-label\">*<\/span><\/label><input type=\"tel\" id=\"wpforms-152-field_5\" class=\"wpforms-field-large wpforms-field-required\" data-rule-int-phone-field=\"true\" name=\"wpforms[fields][5]\" required><\/div><div id=\"wpforms-152-field_4-container\" class=\"wpforms-field wpforms-field-textarea\" data-field-id=\"4\"><label class=\"wpforms-field-label\" for=\"wpforms-152-field_4\">Mensagem <span class=\"wpforms-required-label\">*<\/span><\/label><textarea id=\"wpforms-152-field_4\" class=\"wpforms-field-large wpforms-field-required\" name=\"wpforms[fields][4]\" required><\/textarea><\/div><\/div><div class=\"wpforms-submit-container\"><input type=\"hidden\" name=\"wpforms[id]\" value=\"152\"><input type=\"hidden\" name=\"wpforms[author]\" value=\"1\"><button type=\"submit\" name=\"wpforms[submit]\" id=\"wpforms-submit-152\" class=\"wpforms-submit\" aria-live=\"assertive\" value=\"wpforms-submit\">Enviar<\/button><\/div><\/form><\/div>  <!-- .wpforms-container -->[\/vc_column][\/vc_row]<\/p>\n","protected":false},"excerpt":{"rendered":"<p>[vc_row][vc_column][vc_custom_heading text=&#8221;\u00c1reas de Atua\u00e7\u00e3o&#8221; font_container=&#8221;tag:h2|font_size:36|text_align:left&#8221; use_theme_fonts=&#8221;yes&#8221; el_class=&#8221;m-b-md&#8221;][vc_separator color=&#8221;custom&#8221; align=&#8221;align_left&#8221; border_width=&#8221;3&#8243; type=&#8221;small&#8221; accent_color=&#8221;#cfa968&#8243;][vc_column_text el_class=&#8221;lead m-b-xlg&#8221;]Confira nosso atendimento em consultoria a diversas \u00e1reas do direito.[\/vc_column_text][\/vc_column][\/vc_row][vc_row wrap_container=&#8221;yes&#8221; el_id=&#8221;practice-areas&#8221;][vc_column][vc_row_inner animation_type=&#8221;fadeInUp&#8221;][vc_column_inner][\/vc_column_inner][\/vc_row_inner][\/vc_column][\/vc_row][vc_row full_width=&#8221;stretch_row&#8221; wrap_container=&#8221;yes&#8221; is_section=&#8221;yes&#8221; section_skin=&#8221;parallax&#8221; remove_margin_top=&#8221;yes&#8221; remove_margin_bottom=&#8221;yes&#8221; css=&#8221;.vc_custom_1638910394994{background-image: url(http:\/\/advogadoscorreia.com.br\/wp-content\/uploads\/2021\/12\/fundo2-form.jpg?id=220) !important;background-position: center !important;background-repeat: no-repeat !important;background-size: cover !important;}&#8221; el_class=&#8221;bg-pos-bottom&#8221;][vc_column width=&#8221;1\/2&#8243; offset=&#8221;vc_hidden-sm vc_hidden-xs&#8221;][\/vc_column][vc_column offset=&#8221;vc_col-md-6&#8243;][vc_custom_heading text=&#8221;Fa\u00e7a uma consulta sem compromisso.&#8221; use_theme_fonts=&#8221;yes&#8221; el_class=&#8221;m-t-lg m-b-none&#8221;][vc_column_text el_class=&#8221;m-b-none&#8221;]Consulte [&hellip;]<\/p>\n","protected":false},"author":1,"featured_media":0,"parent":0,"menu_order":0,"comment_status":"closed","ping_status":"closed","template":"","meta":{"om_disable_all_campaigns":false,"_monsterinsights_skip_tracking":false,"_monsterinsights_sitenote_active":false,"_monsterinsights_sitenote_note":"","_monsterinsights_sitenote_category":0,"footnotes":""},"_links":{"self":[{"href":"https:\/\/advogadoscorreia.com.br\/index.php\/wp-json\/wp\/v2\/pages\/47"}],"collection":[{"href":"https:\/\/advogadoscorreia.com.br\/index.php\/wp-json\/wp\/v2\/pages"}],"about":[{"href":"https:\/\/advogadoscorreia.com.br\/index.php\/wp-json\/wp\/v2\/types\/page"}],"author":[{"embeddable":true,"href":"https:\/\/advogadoscorreia.com.br\/index.php\/wp-json\/wp\/v2\/users\/1"}],"replies":[{"embeddable":true,"href":"https:\/\/advogadoscorreia.com.br\/index.php\/wp-json\/wp\/v2\/comments?post=47"}],"version-history":[{"count":11,"href":"https:\/\/advogadoscorreia.com.br\/index.php\/wp-json\/wp\/v2\/pages\/47\/revisions"}],"predecessor-version":[{"id":232,"href":"https:\/\/advogadoscorreia.com.br\/index.php\/wp-json\/wp\/v2\/pages\/47\/revisions\/232"}],"wp:attachment":[{"href":"https:\/\/advogadoscorreia.com.br\/index.php\/wp-json\/wp\/v2\/media?parent=47"}],"curies":[{"name":"wp","href":"https:\/\/api.w.org\/{rel}","templated":true}]}}